{"id":172,"date":"2025-06-09T18:28:02","date_gmt":"2025-06-09T16:28:02","guid":{"rendered":"https:\/\/rost-motion.com\/?page_id=172"},"modified":"2025-08-04T14:14:37","modified_gmt":"2025-08-04T12:14:37","slug":"faq-preise-2","status":"publish","type":"page","link":"https:\/\/rost-motion.com\/?page_id=172","title":{"rendered":"FAQ &#038; Preise"},"content":{"rendered":"\n<figure class=\"wp-block-image size-full\"><img decoding=\"async\" src=\"https:\/\/rost-motion.com\/wp-content\/uploads\/2025\/06\/panelblender5gimp-8.png\" alt=\"\" class=\"wp-image-141\"\/><\/figure>\n\n\n\n<h1 class=\"wp-block-heading has-h-1-alt-font-size\"><mark style=\"background-color:rgba(0, 0, 0, 0);color:#fcb900\" class=\"has-inline-color\">FAQ <\/mark><\/h1>\n\n\n\n<p style=\"font-size:31px;line-height:1.3\">Q: Wie verl\u00e4uft der gesamte Prozess von der Anfrage bis zur Abgabe bei&nbsp;Rost Motion?<\/p>\n\n\n\n<p style=\"font-size:30px;line-height:1.3\">A: Wir sind \u00fcber unser Kontaktformular und E-Mail erreichbar. F\u00fcr das Briefing ben\u00f6tigen wir m\u00f6glichst detaillierte Informationen, worum es in Ihrem Projekt geht. In der Regel melden wir uns innerhalb von 24 Stunden mit einer pers\u00f6nlichen Mail zur\u00fcck. <\/p>\n\n\n\n<div class=\"wp-block-group is-layout-constrained wp-block-group-is-layout-constrained\">\n<p><\/p>\n\n\n\n<h2 class=\"wp-block-heading\"><mark style=\"background-color:rgba(0, 0, 0, 0);color:#fcb900\" class=\"has-inline-color\">Anschlie\u00dfend folgt:<\/mark><\/h2>\n\n\n\n<p style=\"font-size:25px;line-height:1\">1. Briefing in Person oder per Videochat<\/p>\n\n\n\n<p style=\"font-size:25px;line-height:1\">2.. Kostenvoranschlag<\/p>\n\n\n\n<p style=\"font-size:25px;line-height:1\">3.. Konzept &amp; Storyboard + R\u00fccksprache<\/p>\n\n\n\n<p style=\"font-size:25px;line-height:1\">4. Design: 3D-Modelle, Texturen, etc&#8230; + R\u00fccksprache<\/p>\n\n\n\n<p style=\"font-size:25px;line-height:1\">5. Animation, Licht und Sound Design + R\u00fccksprache<\/p>\n\n\n\n<p style=\"font-size:25px;line-height:1\">6. Finale Abgabe<\/p>\n<\/div>\n\n\n\n<div class=\"wp-block-group is-layout-constrained wp-block-group-is-layout-constrained\">\n<p style=\"font-size:30px;line-height:1.3\">Q: Ist das Erstgespr\u00e4ch mit Kosten verbunden?<\/p>\n\n\n\n<p style=\"font-size:30px;line-height:1.3\">A: Nein, das Briefing und der Kostenvoranschlag sind kostenfrei.<\/p>\n<\/div>\n\n\n\n<p><\/p>\n\n\n\n<h1 class=\"wp-block-heading has-h-1-alt-font-size\"><strong><mark style=\"background-color:rgba(0, 0, 0, 0);color:#fcb900\" class=\"has-inline-color\">Unsere Preise<\/mark><\/strong><\/h1>\n\n\n\n<p style=\"padding-top:var(--wp--preset--spacing--70);padding-bottom:var(--wp--preset--spacing--70);font-size:30px;line-height:1.3\">Um eine Vorstellung unserer Preise zu erhalten, hier folgend unsere Pakete, die selbstverst\u00e4ndlich auch miteinander kombinierbar sind.<\/p>\n\n\n\n<div class=\"wp-block-columns is-layout-flex wp-container-core-columns-is-layout-28f84493 wp-block-columns-is-layout-flex\">\n<div class=\"wp-block-column is-layout-flow wp-block-column-is-layout-flow\" style=\"font-size:25px\">\n<h2 class=\"wp-block-heading\" style=\"font-size:60px\"><mark style=\"background-color:rgba(0, 0, 0, 0);color:#fcb900\" class=\"has-inline-color\">Paket 1<\/mark><\/h2>\n\n\n\n<p style=\"line-height:1.3\">3D-Logodigitalisierung<\/p>\n\n\n\n<ul class=\"wp-block-list\">\n<li style=\"font-size:25px\">von einer 2D-Vorlage zum 3D-Modell<\/li>\n<\/ul>\n\n\n\n<p style=\"line-height:1.3\">ab 200 Euro<\/p>\n<\/div>\n\n\n\n<div class=\"wp-block-column is-layout-flow wp-block-column-is-layout-flow\">\n<figure class=\"wp-block-image size-full\"><img decoding=\"async\" src=\"https:\/\/rost-motion.com\/wp-content\/uploads\/2025\/06\/PAKETmot1-2.png\" alt=\"\" class=\"wp-image-135\"\/><\/figure>\n<\/div>\n<\/div>\n\n\n\n<div class=\"wp-block-columns is-layout-flex wp-container-core-columns-is-layout-28f84493 wp-block-columns-is-layout-flex\">\n<div class=\"wp-block-column is-layout-flow wp-block-column-is-layout-flow\" style=\"flex-basis:50%\">\n<figure class=\"wp-block-image size-full\"><img decoding=\"async\" src=\"https:\/\/rost-motion.com\/wp-content\/uploads\/2025\/06\/PAKETmot2-1.png\" alt=\"\" class=\"wp-image-136\"\/><\/figure>\n<\/div>\n\n\n\n<div class=\"wp-block-column is-vertically-aligned-center is-layout-flow wp-block-column-is-layout-flow\" style=\"flex-basis:50%\">\n<h3 class=\"wp-block-heading\" style=\"font-size:58px\"><mark style=\"background-color:rgba(0, 0, 0, 0);color:#fcb900\" class=\"has-inline-color\">Paket 2<\/mark><\/h3>\n\n\n\n<p style=\"font-size:25px\">3D-Logoanimation<\/p>\n\n\n\n<ul class=\"wp-block-list\">\n<li style=\"font-size:25px\">10 Sekunden &nbsp; &nbsp; &nbsp; &nbsp;<\/li>\n<\/ul>\n\n\n\n<p style=\"font-size:25px\">ab 450 Euro<\/p>\n<\/div>\n<\/div>\n\n\n\n<div class=\"wp-block-columns is-layout-flex wp-container-core-columns-is-layout-28f84493 wp-block-columns-is-layout-flex\">\n<div class=\"wp-block-column is-vertically-aligned-center is-layout-flow wp-block-column-is-layout-flow\" style=\"flex-basis:50%\">\n<h2 class=\"wp-block-heading\" style=\"font-size:58px\"><mark style=\"background-color:rgba(0, 0, 0, 0);color:#fcb900\" class=\"has-inline-color\">Paket 3<\/mark><\/h2>\n\n\n\n<p style=\"font-size:25px\">3D-Produktdigitalisierung<\/p>\n\n\n\n<ul class=\"wp-block-list\">\n<li style=\"font-size:25px\">von einer 2D- Vorlage zum 3D Modell<\/li>\n<\/ul>\n\n\n\n<p style=\"font-size:25px\">ab 500 Euro<\/p>\n<\/div>\n\n\n\n<div class=\"wp-block-column is-layout-flow wp-block-column-is-layout-flow\" style=\"flex-basis:50%\">\n<figure class=\"wp-block-image size-full\"><img decoding=\"async\" src=\"https:\/\/rost-motion.com\/wp-content\/uploads\/2025\/06\/PAKETmot3-1.png\" alt=\"\" class=\"wp-image-138\"\/><\/figure>\n<\/div>\n<\/div>\n\n\n\n<div class=\"wp-block-columns is-layout-flex wp-container-core-columns-is-layout-28f84493 wp-block-columns-is-layout-flex\">\n<div class=\"wp-block-column is-layout-flow wp-block-column-is-layout-flow\" style=\"flex-basis:50%\">\n<figure class=\"wp-block-image size-full\" style=\"margin-top:0;margin-right:0;margin-bottom:0;margin-left:0\"><img decoding=\"async\" src=\"https:\/\/rost-motion.com\/wp-content\/uploads\/2025\/06\/PAKETmot4-1.png\" alt=\"\" class=\"wp-image-140\"\/><\/figure>\n<\/div>\n\n\n\n<div class=\"wp-block-column is-vertically-aligned-center is-layout-flow wp-block-column-is-layout-flow\" style=\"flex-basis:50%\">\n<h3 class=\"wp-block-heading\" style=\"font-size:58px\"><mark style=\"background-color:rgba(0, 0, 0, 0);color:#fcb900\" class=\"has-inline-color\">Paket 4<\/mark><\/h3>\n\n\n\n<p style=\"font-size:25px\">3D-Produktanimation<\/p>\n\n\n\n<p style=\"font-size:25px\">10 Sekunden<\/p>\n\n\n\n<p style=\"font-size:25px\">ab 500 Euro<\/p>\n<\/div>\n<\/div>\n","protected":false},"excerpt":{"rendered":"<p>FAQ Q: Wie verl\u00e4uft der gesamte Prozess von der Anfrage bis zur Abgabe bei&nbsp;Rost Motion? A: Wir sind \u00fcber unser Kontaktformular und E-Mail erreichbar. F\u00fcr das Briefing ben\u00f6tigen wir m\u00f6glichst detaillierte Informationen, worum es in Ihrem Projekt geht. In der Regel melden wir uns innerhalb von 24 Stunden mit einer pers\u00f6nlichen Mail zur\u00fcck. Anschlie\u00dfend folgt: [&hellip;]<\/p>\n","protected":false},"author":1,"featured_media":135,"parent":0,"menu_order":0,"comment_status":"closed","ping_status":"closed","template":"","meta":{"footnotes":""},"class_list":["post-172","page","type-page","status-publish","has-post-thumbnail","hentry"],"_links":{"self":[{"href":"https:\/\/rost-motion.com\/index.php?rest_route=\/wp\/v2\/pages\/172","targetHints":{"allow":["GET"]}}],"collection":[{"href":"https:\/\/rost-motion.com\/index.php?rest_route=\/wp\/v2\/pages"}],"about":[{"href":"https:\/\/rost-motion.com\/index.php?rest_route=\/wp\/v2\/types\/page"}],"author":[{"embeddable":true,"href":"https:\/\/rost-motion.com\/index.php?rest_route=\/wp\/v2\/users\/1"}],"replies":[{"embeddable":true,"href":"https:\/\/rost-motion.com\/index.php?rest_route=%2Fwp%2Fv2%2Fcomments&post=172"}],"version-history":[{"count":37,"href":"https:\/\/rost-motion.com\/index.php?rest_route=\/wp\/v2\/pages\/172\/revisions"}],"predecessor-version":[{"id":363,"href":"https:\/\/rost-motion.com\/index.php?rest_route=\/wp\/v2\/pages\/172\/revisions\/363"}],"wp:featuredmedia":[{"embeddable":true,"href":"https:\/\/rost-motion.com\/index.php?rest_route=\/wp\/v2\/media\/135"}],"wp:attachment":[{"href":"https:\/\/rost-motion.com\/index.php?rest_route=%2Fwp%2Fv2%2Fmedia&parent=172"}],"curies":[{"name":"wp","href":"https:\/\/api.w.org\/{rel}","templated":true}]}}