{"id":44,"date":"2025-06-07T17:16:08","date_gmt":"2025-06-07T15:16:08","guid":{"rendered":"https:\/\/rost-motion.com\/?page_id=44"},"modified":"2025-08-04T14:34:13","modified_gmt":"2025-08-04T12:34:13","slug":"unser-service","status":"publish","type":"page","link":"https:\/\/rost-motion.com\/?page_id=44","title":{"rendered":"Unser Service"},"content":{"rendered":"\n<div class=\"wp-block-columns is-layout-flex wp-container-core-columns-is-layout-ec2e7a44 wp-block-columns-is-layout-flex\" style=\"padding-top:0;padding-bottom:0\">\n<div class=\"wp-block-column has-theme-5-color has-text-color has-link-color wp-elements-a3733277572adaaa076b9f2a3e98b448 is-layout-flow wp-block-column-is-layout-flow\" style=\"flex-basis:104.5%\">\n<div class=\"wp-block-cover alignright\" style=\"border-width:8px;border-radius:14px;margin-top:var(--wp--preset--spacing--80);margin-bottom:var(--wp--preset--spacing--80);padding-top:0;padding-right:0;padding-bottom:0;padding-left:0\"><img decoding=\"async\" class=\"wp-block-cover__image-background wp-image-60\" alt=\"\" src=\"https:\/\/rost-motion.com\/wp-content\/uploads\/2025\/06\/whitelovercream200-1.png\" style=\"object-position:61% 57%\" data-object-fit=\"cover\" data-object-position=\"61% 57%\"\/><span aria-hidden=\"true\" class=\"wp-block-cover__background has-background-dim-0 has-background-dim\"><\/span><div class=\"wp-block-cover__inner-container is-layout-constrained wp-container-core-cover-is-layout-f12e8a03 wp-block-cover-is-layout-constrained\">\n<p><\/p>\n<\/div><\/div>\n\n\n\n<h2 class=\"wp-block-heading has-text-align-left has-theme-0-color has-text-color has-background has-link-color has-x-large-font-size wp-elements-474e4d3b9be03610e2cdc957bb886d0a\" style=\"border-width:3px;border-radius:11px;background:linear-gradient(135deg,rgb(0,0,0) 0%,rgb(14,14,14) 6%,rgb(112,73,0) 17%,rgb(213,152,41) 37%,rgb(177,86,1) 64%,rgb(255,216,77) 100%);padding-top:var(--wp--preset--spacing--40);padding-right:var(--wp--preset--spacing--50);padding-bottom:var(--wp--preset--spacing--40);padding-left:var(--wp--preset--spacing--50)\">Ma\u00dfgeschneiderter digitaler            3D Motion Content<\/h2>\n\n\n\n<div class=\"wp-block-group is-vertical is-nowrap is-layout-flex wp-container-core-group-is-layout-91ee73f7 wp-block-group-is-layout-flex\" style=\"min-height:265px;padding-top:0;padding-right:0;padding-bottom:0;padding-left:0;font-size:5px;line-height:0.4\">\n<div style=\"height:53px;width:0px\" aria-hidden=\"true\" class=\"wp-block-spacer wp-container-content-9760934e\"><\/div>\n\n\n\n<p class=\"has-text-align-center has-theme-0-color has-text-color has-link-color wp-elements-7517836e97979093c26777478e8fc57a\" style=\"font-size:30px;line-height:1\"><strong>&#8222;in 4k&#8220;<\/strong><\/p>\n\n\n\n<div style=\"height:0px;width:0px\" aria-hidden=\"true\" class=\"wp-block-spacer wp-container-content-9760934e\"><\/div>\n\n\n\n<p class=\"has-text-align-center has-theme-0-color has-text-color has-link-color wp-elements-b87c845d048e4aa972249333b2b2a2d6\" style=\"font-size:30px;line-height:1\"><strong>F\u00fcr Social Media<\/strong><\/p>\n\n\n\n<p class=\"has-text-align-center has-theme-0-color has-text-color has-link-color wp-elements-4935d4e605f3b48d2c372a5a29aafd49\" style=\"font-size:30px;line-height:1\"><strong>F\u00fcr<\/strong> <strong>Marketing<\/strong><\/p>\n\n\n\n<p class=\"has-text-align-center has-theme-0-color has-text-color has-link-color wp-elements-3af846011a1489b557ee7549b6fc95af wp-container-content-69bc4bdf\" style=\"font-size:30px;line-height:1\"><strong>F\u00fcr<\/strong> <strong>Gro\u00dfevents<\/strong><\/p>\n\n\n\n<p class=\"has-text-align-center has-theme-0-color has-text-color has-link-color wp-elements-892de173bb0d66ad36ad1571e0614018\" style=\"font-size:30px;line-height:1\"><strong>&amp; mehr<\/strong><\/p>\n<\/div>\n<\/div>\n<\/div>\n\n\n\n<div class=\"wp-block-columns is-layout-flex wp-container-core-columns-is-layout-b197c411 wp-block-columns-is-layout-flex\" style=\"padding-top:0;padding-bottom:0\">\n<div class=\"wp-block-column is-layout-flow wp-block-column-is-layout-flow\">\n<figure class=\"wp-block-image size-full has-custom-border\"><img loading=\"lazy\" decoding=\"async\" width=\"2560\" height=\"1440\" src=\"https:\/\/rost-motion.com\/wp-content\/uploads\/2025\/06\/palettendosegimp6-1-scaled.png\" alt=\"\" class=\"wp-image-137\" style=\"border-width:11px\" srcset=\"https:\/\/rost-motion.com\/wp-content\/uploads\/2025\/06\/palettendosegimp6-1-scaled.png 2560w, https:\/\/rost-motion.com\/wp-content\/uploads\/2025\/06\/palettendosegimp6-1-300x169.png 300w\" sizes=\"auto, (max-width: 2560px) 100vw, 2560px\" \/><\/figure>\n\n\n\n<div style=\"height:0px\" aria-hidden=\"true\" class=\"wp-block-spacer\"><\/div>\n\n\n\n<h3 class=\"wp-block-heading\"><mark style=\"background-color:rgba(0, 0, 0, 0)\" class=\"has-inline-color has-theme-5-color\">Produkt-, Logodigitali-sierung&nbsp;<br>&amp; Animation&nbsp;<\/mark><\/h3>\n\n\n\n<div style=\"height:0px\" aria-hidden=\"true\" class=\"wp-block-spacer\"><\/div>\n\n\n\n<p style=\"font-size:20px;line-height:1.3\">Wir realisieren gemeinsam Ihre Visionen von der Skizze bis zum finalen animierten 3D-Modell inklusive 3D Sound Design und Schnitt.<\/p>\n<\/div>\n\n\n\n<div class=\"wp-block-column is-layout-flow wp-block-column-is-layout-flow\">\n<div class=\"wp-block-cover\" style=\"margin-top:0;margin-bottom:0;padding-top:0;padding-right:0;padding-bottom:0;padding-left:0;min-height:303px;aspect-ratio:unset;\"><span aria-hidden=\"true\" class=\"wp-block-cover__background has-background-dim-100 has-background-dim\"><\/span><div class=\"wp-block-cover__inner-container is-layout-flow wp-container-core-cover-is-layout-d51e0a58 wp-block-cover-is-layout-flow\">\n<div class=\"wp-block-group is-layout-constrained wp-container-core-group-is-layout-25551318 wp-block-group-is-layout-constrained\" style=\"margin-top:var(--wp--preset--spacing--30);margin-bottom:var(--wp--preset--spacing--30);padding-top:0;padding-right:var(--wp--preset--spacing--20);padding-bottom:0;padding-left:var(--wp--preset--spacing--20)\">\n<figure class=\"wp-block-image has-custom-border\" style=\"margin-top:0;margin-right:0;margin-bottom:0;margin-left:0\"><img loading=\"lazy\" decoding=\"async\" width=\"1920\" height=\"1080\" src=\"https:\/\/rost-motion.com\/wp-content\/uploads\/2025\/06\/heliachrismassgimp-1.png\" alt=\"\" class=\"wp-image-143\" style=\"border-width:11px;border-radius:96px\"\/><\/figure>\n<\/div>\n<\/div><\/div>\n\n\n\n<div style=\"margin-top:0;margin-bottom:0;height:0px\" aria-hidden=\"true\" class=\"wp-block-spacer\"><\/div>\n\n\n\n<h3 class=\"wp-block-heading\"><mark style=\"background-color:rgba(0, 0, 0, 0)\" class=\"has-inline-color has-theme-5-color\">Digitale Einladungen &amp; Reminder<\/mark><\/h3>\n\n\n\n<div style=\"height:0px\" aria-hidden=\"true\" class=\"wp-block-spacer\"><\/div>\n\n\n\n<p style=\"font-size:20px;line-height:1.3\">In enger Zusammenarbeit konzipieren wir mit Ihnen hochwertige, personalisierte, animierte Einladungen f\u00fcr Ihre Hochzeit, Geburtstage &amp; Jubil\u00e4en. Mit digitalen, Gru\u00dfkarten &amp; Reminder an Feiertagen f\u00fcr eine effektive Kundenbindung.&nbsp;<\/p>\n<\/div>\n\n\n\n<div class=\"wp-block-column is-layout-flow wp-block-column-is-layout-flow\">\n<figure class=\"wp-block-image size-large has-custom-border\"><img loading=\"lazy\" decoding=\"async\" width=\"1024\" height=\"576\" src=\"https:\/\/rost-motion.com\/wp-content\/uploads\/2025\/06\/underwatergimp-1-1024x576.png\" alt=\"\" class=\"wp-image-142\" style=\"border-width:11px\" srcset=\"https:\/\/rost-motion.com\/wp-content\/uploads\/2025\/06\/underwatergimp-1-1024x576.png 1024w, https:\/\/rost-motion.com\/wp-content\/uploads\/2025\/06\/underwatergimp-1-300x169.png 300w, https:\/\/rost-motion.com\/wp-content\/uploads\/2025\/06\/underwatergimp-1-768x432.png 768w, https:\/\/rost-motion.com\/wp-content\/uploads\/2025\/06\/underwatergimp-1-1536x864.png 1536w, https:\/\/rost-motion.com\/wp-content\/uploads\/2025\/06\/underwatergimp-1.png 1920w\" sizes=\"auto, (max-width: 1024px) 100vw, 1024px\" \/><\/figure>\n\n\n\n<div style=\"height:0px\" aria-hidden=\"true\" class=\"wp-block-spacer\"><\/div>\n\n\n\n<h3 class=\"wp-block-heading has-theme-5-color has-text-color has-link-color wp-elements-4160b61f34fcfcf7afcd200ad364240e\">Social Media Content<\/h3>\n\n\n\n<div style=\"height:0px\" aria-hidden=\"true\" class=\"wp-block-spacer\"><\/div>\n\n\n\n<p style=\"font-size:20px;line-height:1.3\">Rost Motion&nbsp;kreiert f\u00fcr Ihre Marke dynamische 3D-Animationen speziell f\u00fcr Stories, Reels &amp; TikTok &#8211; unter 5 Sekunden markenpr\u00e4gnant.<\/p>\n<\/div>\n<\/div>\n\n\n\n<div class=\"wp-block-columns is-layout-flex wp-container-core-columns-is-layout-a28c4887 wp-block-columns-is-layout-flex\" style=\"padding-top:0;padding-right:0;padding-bottom:0;padding-left:0\">\n<div class=\"wp-block-column is-layout-flow wp-block-column-is-layout-flow\">\n<figure class=\"wp-block-image size-full has-custom-border\" style=\"margin-top:var(--wp--preset--spacing--80);margin-bottom:var(--wp--preset--spacing--80)\"><img decoding=\"async\" src=\"https:\/\/rost-motion.com\/wp-content\/uploads\/2025\/06\/newpitstopgimp8-2.png\" alt=\"\" class=\"wp-image-58\" style=\"border-width:17px;border-radius:67px\"\/><\/figure>\n\n\n\n<h3 class=\"wp-block-heading\"><mark style=\"background-color:rgba(0, 0, 0, 0)\" class=\"has-inline-color has-theme-5-color\">Imagefilme<\/mark><\/h3>\n\n\n\n<div style=\"height:0px\" aria-hidden=\"true\" class=\"wp-block-spacer\"><\/div>\n\n\n\n<p style=\"font-size:20px;line-height:1.3\">Mit innovativem Content f\u00fcr Startups speziell auf potenzielle Investoren &amp; Kunden zugeschnitten, erweitern Sie Ihre unternehmerischen M\u00f6glichkeiten.&nbsp;<\/p>\n<\/div>\n\n\n\n<div class=\"wp-block-column is-layout-flow wp-block-column-is-layout-flow\">\n<figure class=\"wp-block-image aligncenter is-resized wp-duotone-unset-1\" style=\"margin-top:0;margin-bottom:0\"><img loading=\"lazy\" decoding=\"async\" width=\"640\" height=\"640\" src=\"https:\/\/rost-motion.com\/wp-content\/uploads\/2025\/06\/3E5798D6-5F59-464B-8BFC-453643BECD6B-edited.jpg\" alt=\"\" class=\"wp-image-146\" style=\"width:364px;height:auto\" srcset=\"https:\/\/rost-motion.com\/wp-content\/uploads\/2025\/06\/3E5798D6-5F59-464B-8BFC-453643BECD6B-edited.jpg 640w, https:\/\/rost-motion.com\/wp-content\/uploads\/2025\/06\/3E5798D6-5F59-464B-8BFC-453643BECD6B-edited-300x300.jpg 300w, https:\/\/rost-motion.com\/wp-content\/uploads\/2025\/06\/3E5798D6-5F59-464B-8BFC-453643BECD6B-edited-150x150.jpg 150w\" sizes=\"auto, (max-width: 640px) 100vw, 640px\" \/><\/figure>\n\n\n\n<div style=\"height:0px\" aria-hidden=\"true\" class=\"wp-block-spacer\"><\/div>\n\n\n\n<h3 class=\"wp-block-heading\"><mark style=\"background-color:rgba(0, 0, 0, 0)\" class=\"has-inline-color has-theme-5-color\">Digitale personalisierte Visitenkarten<\/mark><\/h3>\n\n\n\n<div style=\"height:0px\" aria-hidden=\"true\" class=\"wp-block-spacer\"><\/div>\n\n\n\n<p style=\"font-size:20px;line-height:1.3\">Durch eine digitale personalisierte Visitenkarte lassen sich nachhaltig und stets aktualisierbar Kontaktdaten &amp; Social Links anpassen.&nbsp;<\/p>\n<\/div>\n\n\n\n<div class=\"wp-block-column is-layout-flow wp-block-column-is-layout-flow\" style=\"padding-top:0;padding-bottom:0\">\n<figure class=\"wp-block-image size-large has-custom-border\" style=\"margin-top:var(--wp--preset--spacing--80);margin-bottom:var(--wp--preset--spacing--80)\"><img loading=\"lazy\" decoding=\"async\" width=\"1024\" height=\"576\" src=\"https:\/\/rost-motion.com\/wp-content\/uploads\/2025\/06\/heliawelcomegimp-1-1024x576.png\" alt=\"\" class=\"wp-image-139\" style=\"border-width:17px;border-radius:67px\" srcset=\"https:\/\/rost-motion.com\/wp-content\/uploads\/2025\/06\/heliawelcomegimp-1-1024x576.png 1024w, https:\/\/rost-motion.com\/wp-content\/uploads\/2025\/06\/heliawelcomegimp-1-300x169.png 300w, https:\/\/rost-motion.com\/wp-content\/uploads\/2025\/06\/heliawelcomegimp-1-768x432.png 768w, https:\/\/rost-motion.com\/wp-content\/uploads\/2025\/06\/heliawelcomegimp-1-1536x864.png 1536w, https:\/\/rost-motion.com\/wp-content\/uploads\/2025\/06\/heliawelcomegimp-1.png 1920w\" sizes=\"auto, (max-width: 1024px) 100vw, 1024px\" \/><\/figure>\n\n\n\n<h3 class=\"wp-block-heading\"><mark style=\"background-color:rgba(0, 0, 0, 0)\" class=\"has-inline-color has-theme-5-color\">Header<\/mark><\/h3>\n\n\n\n<div style=\"height:0px\" aria-hidden=\"true\" class=\"wp-block-spacer\"><\/div>\n\n\n\n<p style=\"font-size:20px\">Eine Grafik f\u00fcr E-Mails, Briefk\u00f6pfe und Rechnungen vermittelt Ihren KundInnen, AuftraggeberInnen und ArbeitnehmerInnen eine pers\u00f6nliche Bindung zu Ihrer Marke.<\/p>\n<\/div>\n<\/div>\n\n\n\n<p class=\"has-text-align-right has-theme-5-color has-text-color has-link-color wp-elements-1937c33a7cde2ef7b65e6b9c72366151\" style=\"font-size:27px\">Informationen zum <\/p>\n\n\n\n<p class=\"has-text-align-right has-theme-2-color has-text-color has-link-color has-h-2-font-size wp-elements-5276f3c1ffff6053233cf543e8b90642\">         Erstgespr\u00e4ch<\/p>\n\n\n\n<p class=\"has-text-align-right has-theme-5-color has-text-color has-link-color wp-elements-71fe6b386bdc54b76708115a482784f0\" style=\"font-size:27px\">                                                                                         und<\/p>\n\n\n\n<p class=\"has-text-align-right has-theme-2-color has-text-color has-link-color has-h-2-font-size wp-elements-9d84a8502c04ea05b4e463ef518a6659\">                                 Preise<\/p>\n\n\n\n<p class=\"has-text-align-right has-theme-5-color has-text-color has-link-color wp-elements-809a2cd68968525e141f1ebf8480c321\" style=\"font-size:27px\">                                                                                                                          sind unter FAQ zu finden.<\/p>\n","protected":false},"excerpt":{"rendered":"<p>Ma\u00dfgeschneiderter digitaler 3D Motion Content &#8222;in 4k&#8220; F\u00fcr Social Media F\u00fcr Marketing F\u00fcr Gro\u00dfevents &amp; mehr Produkt-, Logodigitali-sierung&nbsp;&amp; Animation&nbsp; Wir realisieren gemeinsam Ihre Visionen von der Skizze bis zum finalen animierten 3D-Modell inklusive 3D Sound Design und Schnitt. Digitale Einladungen &amp; Reminder In enger Zusammenarbeit konzipieren wir mit Ihnen hochwertige, personalisierte, animierte Einladungen f\u00fcr Ihre [&hellip;]<\/p>\n","protected":false},"author":1,"featured_media":60,"parent":0,"menu_order":0,"comment_status":"closed","ping_status":"closed","template":"","meta":{"footnotes":""},"class_list":["post-44","page","type-page","status-publish","has-post-thumbnail","hentry"],"_links":{"self":[{"href":"https:\/\/rost-motion.com\/index.php?rest_route=\/wp\/v2\/pages\/44","targetHints":{"allow":["GET"]}}],"collection":[{"href":"https:\/\/rost-motion.com\/index.php?rest_route=\/wp\/v2\/pages"}],"about":[{"href":"https:\/\/rost-motion.com\/index.php?rest_route=\/wp\/v2\/types\/page"}],"author":[{"embeddable":true,"href":"https:\/\/rost-motion.com\/index.php?rest_route=\/wp\/v2\/users\/1"}],"replies":[{"embeddable":true,"href":"https:\/\/rost-motion.com\/index.php?rest_route=%2Fwp%2Fv2%2Fcomments&post=44"}],"version-history":[{"count":56,"href":"https:\/\/rost-motion.com\/index.php?rest_route=\/wp\/v2\/pages\/44\/revisions"}],"predecessor-version":[{"id":367,"href":"https:\/\/rost-motion.com\/index.php?rest_route=\/wp\/v2\/pages\/44\/revisions\/367"}],"wp:featuredmedia":[{"embeddable":true,"href":"https:\/\/rost-motion.com\/index.php?rest_route=\/wp\/v2\/media\/60"}],"wp:attachment":[{"href":"https:\/\/rost-motion.com\/index.php?rest_route=%2Fwp%2Fv2%2Fmedia&parent=44"}],"curies":[{"name":"wp","href":"https:\/\/api.w.org\/{rel}","templated":true}]}}